{"id":1871,"date":"2019-10-03T12:11:46","date_gmt":"2019-10-03T12:11:46","guid":{"rendered":"http:\/\/delicatessenespanolas.com\/bodegas-carballal\/"},"modified":"2023-07-14T18:05:43","modified_gmt":"2023-07-14T18:05:43","slug":"bodegas-carballal","status":"publish","type":"page","link":"https:\/\/delicatessenespanolas.com\/en\/bodegas-carballal\/","title":{"rendered":"Bodegas Carballal"},"content":{"rendered":"<section class=\"wpb-content-wrapper\"><p>[vc_row full_width=\u00bbstretch_row_content_no_spaces\u00bb equal_height=\u00bbyes\u00bb content_placement=\u00bbmiddle\u00bb css_animation=\u00bb\u00bb css=\u00bb.vc_custom_1569746313256{margin-top: 50px !important;padding-top: 0px !important;padding-bottom: 0px !important;}\u00bb][vc_column css_animation=\u00bb\u00bb css=\u00bb.vc_custom_1460369218397{margin-top: 0px !important;margin-right: 0px !important;margin-bottom: 0px !important;margin-left: 0px !important;padding-top: 0px !important;padding-right: 0px !important;padding-bottom: 0px !important;padding-left: 0px !important;}\u00bb offset=\u00bbvc_col-lg-6 vc_col-md-6&#8243;][vc_single_image image=\u00bb1520&#8243; img_size=\u00bbfull\u00bb css_animation=\u00bb\u00bb css=\u00bb.vc_custom_1570104567309{margin-top: 0px !important;margin-right: 0px !important;margin-bottom: 0px !important;margin-left: 0px !important;padding-top: 0px !important;padding-right: 0px !important;padding-bottom: 0px !important;padding-left: 0px !important;}\u00bb][\/vc_column][vc_column css_animation=\u00bb\u00bb css=\u00bb.vc_custom_1460369333053{padding-top: 115px !important;padding-right: 115px !important;padding-bottom: 115px !important;padding-left: 115px !important;background-color: #121212 !important;}\u00bb offset=\u00bbvc_col-lg-6 vc_col-md-6&#8243;]\n\t<div class=\"title-subtitle-box \" style=\" text-align: left;\">\n\t\t<p  style=\"\">R\u00edas Baixas<\/p>\n\t\t<h2 style=\" color:#ffffff;  font-style: normal;\">Bodegas Carballal<\/h2>\n\t<\/div> [vc_column_text css_animation=\u00bb\u00bb css=\u00bb.vc_custom_1570104607692{margin-bottom: 90px !important;}\u00bb]<span style=\"color: #ffffff;\">En nuestra bodega de las R\u00edas Baixas apostamos porque la tradici\u00f3n que nos caracteriza, tras m\u00e1s de 40 a\u00f1os de recorrido, se complemente con la permanente b\u00fasqueda de la innovaci\u00f3n. Queremos elaborar albari\u00f1os aut\u00e9nticos, capaces de seducir desde dentro y desde fuera.<\/span>[\/vc_column_text][vc_btn title=\u00bbVisita la bodega\u00bb color=\u00bbchino\u00bb align=\u00bbcenter\u00bb css_animation=\u00bb\u00bb link=\u00bburl:https%3A%2F%2Fvinoscarballal.com%2F||target:%20_blank|\u00bb][\/vc_column][\/vc_row][vc_row css_animation=\u00bb\u00bb el_class=\u00bbfila-titulo\u00bb][vc_column css_animation=\u00bb\u00bb]\n\t<div class=\"title-subtitle-box \" style=\" text-align: left;\">\n\t\t<p  style=\"\">Bodegas Carballal<\/p>\n\t\t<h2 style=\" font-style: normal;\">Nuestros Vinos<\/h2>\n\t<\/div> [\/vc_column][\/vc_row][vc_row css_animation=\u00bb\u00bb css=\u00bb.vc_custom_1689357937106{margin-top: -190px !important;margin-bottom: 20px !important;padding-top: 0px !important;padding-bottom: 0px !important;}\u00bb css_mobile=\u00bb.vc_custom_1689357937107{margin-top: 0px !important;}\u00bb][vc_column width=\u00bb1\/4&#8243; css_animation=\u00bb\u00bb]\n\t<div class=\"featured-image-box  text-align-center \">\n\t\t<figure class=\" default\">\n\t\t\t<a href=\"http:\/\/delicatessenespanolas.com\/wp-content\/uploads\/2023\/07\/Sete-Cepas.pdf\" title=\"\" target=\"_blank\"> <img decoding=\"async\" class=\"wp-post-image default\" src=\"https:\/\/delicatessenespanolas.com\/wp-content\/uploads\/2018\/01\/7cepas.png\" alt=\"\" \/> <\/a>\n\t\t<figcaption>\n\t\t\t<span class=\"toptitle\"><\/span>\n\t\t\t<h4><a href=\"http:\/\/delicatessenespanolas.com\/wp-content\/uploads\/2023\/07\/Sete-Cepas.pdf\" title=\"\" target=\"_blank\">Sete Cepas<\/a><\/h4>\n\t\t<\/figcaption>\n\t\t<\/figure>\n\t<\/div> [vc_btn title=\u00bbFicha de Cata\u00bb style=\u00bbclassic\u00bb color=\u00bbchino\u00bb size=\u00bbsm\u00bb align=\u00bbcenter\u00bb i_align=\u00bbright\u00bb i_icon_fontawesome=\u00bbfar fa-file-pdf\u00bb css_animation=\u00bb\u00bb add_icon=\u00bbtrue\u00bb link=\u00bburl:http%3A%2F%2Fdelicatessenespanolas.com%2Fwp-content%2Fuploads%2F2023%2F07%2FSete-Cepas.pdf|target:_blank\u00bb][\/vc_column][vc_column width=\u00bb1\/4&#8243; css_animation=\u00bb\u00bb][\/vc_column][vc_column width=\u00bb1\/4&#8243; css_animation=\u00bb\u00bb][\/vc_column][vc_column width=\u00bb1\/4&#8243; css_animation=\u00bb\u00bb][\/vc_column][\/vc_row]<\/p>\n<\/section>","protected":false},"excerpt":{"rendered":"<p>[vc_row full_width=\u00bbstretch_row_content_no_spaces\u00bb equal_height=\u00bbyes\u00bb content_placement=\u00bbmiddle\u00bb css_animation=\u00bb\u00bb css=\u00bb.vc_custom_1569746313256{margin-top: 50px !important;padding-top: 0px !important;padding-bottom: 0px !important;}\u00bb][vc_column css_animation=\u00bb\u00bb css=\u00bb.vc_custom_1460369218397{margin-top: 0px !important;margin-right: 0px !important;margin-bottom: 0px !important;margin-left: 0px !important;padding-top: 0px !important;padding-right: 0px !important;padding-bottom: 0px !important;padding-left: 0px !important;}\u00bb offset=\u00bbvc_col-lg-6 vc_col-md-6&#8243;][vc_single_image image=\u00bb1520&#8243; img_size=\u00bbfull\u00bb css_animation=\u00bb\u00bb css=\u00bb.vc_custom_1570104567309{margin-top: 0px !important;margin-right: 0px !important;margin-bottom: 0px !important;margin-left: 0px !important;padding-top: 0px !important;padding-right: 0px !important;padding-bottom: 0px !important;padding-left: 0px !important;}\u00bb][\/vc_column][vc_column css_animation=\u00bb\u00bb css=\u00bb.vc_custom_1460369333053{padding-top: 115px<br class=\"read-more-spacer\"> <a class=\"more-link\" href=\"https:\/\/delicatessenespanolas.com\/en\/bodegas-carballal\/\">Read More<\/a><\/p>\n","protected":false},"author":1,"featured_media":1535,"parent":0,"menu_order":0,"comment_status":"closed","ping_status":"closed","template":"","meta":{"_monsterinsights_skip_tracking":false,"_monsterinsights_sitenote_active":false,"_monsterinsights_sitenote_note":"","_monsterinsights_sitenote_category":0,"ngg_post_thumbnail":0,"footnotes":""},"class_list":["post-1871","page","type-page","status-publish","has-post-thumbnail","hentry"],"acf":[],"_links":{"self":[{"href":"https:\/\/delicatessenespanolas.com\/en\/wp-json\/wp\/v2\/pages\/1871\/"}],"collection":[{"href":"https:\/\/delicatessenespanolas.com\/en\/wp-json\/wp\/v2\/pages\/"}],"about":[{"href":"https:\/\/delicatessenespanolas.com\/en\/wp-json\/wp\/v2\/types\/page\/"}],"author":[{"embeddable":true,"href":"https:\/\/delicatessenespanolas.com\/en\/wp-json\/wp\/v2\/users\/1\/"}],"replies":[{"embeddable":true,"href":"https:\/\/delicatessenespanolas.com\/en\/wp-json\/wp\/v2\/comments\/?post=1871"}],"version-history":[{"count":11,"href":"https:\/\/delicatessenespanolas.com\/en\/wp-json\/wp\/v2\/pages\/1871\/revisions\/"}],"predecessor-version":[{"id":3136,"href":"https:\/\/delicatessenespanolas.com\/en\/wp-json\/wp\/v2\/pages\/1871\/revisions\/3136\/"}],"wp:featuredmedia":[{"embeddable":true,"href":"https:\/\/delicatessenespanolas.com\/en\/wp-json\/wp\/v2\/media\/1535\/"}],"wp:attachment":[{"href":"https:\/\/delicatessenespanolas.com\/en\/wp-json\/wp\/v2\/media\/?parent=1871"}],"curies":[{"name":"wp","href":"https:\/\/api.w.org\/{rel}","templated":true}]}}